{"id":21897,"date":"2020-08-20T09:39:53","date_gmt":"2020-08-20T08:39:53","guid":{"rendered":"https:\/\/www.servidormix.com\/montemuroepaiva\/?post_type=product&#038;p=21897"},"modified":"2021-07-06T16:11:24","modified_gmt":"2021-07-06T15:11:24","slug":"experiencia-transumancia","status":"publish","type":"product","link":"https:\/\/www.servidormix.com\/montemuroepaiva\/pacotes-turisticos\/experiencia-transumancia\/","title":{"rendered":"Experi\u00eancia Transum\u00e2ncia"},"content":{"rendered":"\t\t<div data-elementor-type=\"product-post\" data-elementor-id=\"21897\" class=\"elementor elementor-21897\" data-elementor-settings=\"[]\">\n\t\t\t\t\t\t<div class=\"elementor-inner\">\n\t\t\t\t\t\t\t<div class=\"elementor-section-wrap\">\n\t\t\t\t\t\t\t<section class=\"elementor-section elementor-top-section elementor-element elementor-element-ddc76a2 elementor-section-boxed elementor-section-height-default elementor-section-height-default\" data-id=\"ddc76a2\" data-element_type=\"section\">\n\t\t\t\t\t\t<div class=\"elementor-container elementor-column-gap-default\">\n\t\t\t\t\t\t\t<div class=\"elementor-row\">\n\t\t\t\t\t<div class=\"elementor-column elementor-col-100 elementor-top-column elementor-element elementor-element-1f5f8ec\" data-id=\"1f5f8ec\" data-element_type=\"column\">\n\t\t\t<div class=\"elementor-column-wrap elementor-element-populated\">\n\t\t\t\t\t\t\t<div class=\"elementor-widget-wrap\">\n\t\t\t\t\t\t<div class=\"elementor-element elementor-element-da56795 elementor-widget elementor-widget-text-editor\" data-id=\"da56795\" data-element_type=\"widget\" data-widget_type=\"text-editor.default\">\n\t\t\t\t<div class=\"elementor-widget-container\">\n\t\t\t\t\t<div class=\"elementor-text-editor elementor-clearfix\"><p><strong>Pacote Tur\u00edstico apenas dispon\u00edvel para os meses de Junho | Julho | Agosto<\/strong><\/p><\/div>\n\t\t\t\t<\/div>\n\t\t\t\t<\/div>\n\t\t\t\t\t\t<\/div>\n\t\t\t\t\t<\/div>\n\t\t<\/div>\n\t\t\t\t\t\t\t\t<\/div>\n\t\t\t\t\t<\/div>\n\t\t<\/section>\n\t\t\t\t<section class=\"elementor-section elementor-top-section elementor-element elementor-element-916d6f6 elementor-section-boxed elementor-section-height-default elementor-section-height-default\" data-id=\"916d6f6\" data-element_type=\"section\" data-settings=\"{&quot;background_background&quot;:&quot;classic&quot;}\">\n\t\t\t\t\t\t<div class=\"elementor-container elementor-column-gap-default\">\n\t\t\t\t\t\t\t<div class=\"elementor-row\">\n\t\t\t\t\t<div class=\"elementor-column elementor-col-100 elementor-top-column elementor-element elementor-element-b476dad\" data-id=\"b476dad\" data-element_type=\"column\">\n\t\t\t<div class=\"elementor-column-wrap elementor-element-populated\">\n\t\t\t\t\t\t\t<div class=\"elementor-widget-wrap\">\n\t\t\t\t\t\t<div class=\"elementor-element elementor-element-d1625de elementor-widget elementor-widget-text-editor\" data-id=\"d1625de\" data-element_type=\"widget\" data-widget_type=\"text-editor.default\">\n\t\t\t\t<div class=\"elementor-widget-container\">\n\t\t\t\t\t<div class=\"elementor-text-editor elementor-clearfix\"><p>01 &#8211; Ao realizar a pr\u00e9-reserva \/ valida\u00e7\u00e3o de disponibilidade <span style=\"text-decoration: underline;\">n\u00e3o ter\u00e1 que realizar qualquer pagamento neste momento<\/span>.<\/p><p><strong>02<\/strong> &#8211; A <b>valida\u00e7\u00e3o<\/b>\u00a0d<strong>e disponibilidade \u00e9 realizada de forma personalizada por um dos nossos assistentes de reservas<\/strong>, que o(a) ir\u00e1 contactar\u00a0telefonicamente num <strong>prazo de 72 horas<\/strong> a fim de o informar da disponibilidade do alojamento e de todas as experi\u00eancias envolvidas no pacote, nesse momento decidir\u00e1 se pretende efectivar a reserva.<\/p><p><strong>03<\/strong> &#8211; Para qualquer d\u00favida contacte o <strong>+351 933 942<\/strong> <strong>763<\/strong>\u00a0(Whatsapp \/ SMS \/ Telefone) ou <a href=\"mailto:helpdesk@visitcastrodaire.com\" target=\"_blank\" rel=\"noopener\" data-mt-detrack-inspected=\"true\" data-mt-detrack-attachment-inspected=\"true\">helpdesk@visitcastrodaire.com<\/a><\/p><\/div>\n\t\t\t\t<\/div>\n\t\t\t\t<\/div>\n\t\t\t\t\t\t<\/div>\n\t\t\t\t\t<\/div>\n\t\t<\/div>\n\t\t\t\t\t\t\t\t<\/div>\n\t\t\t\t\t<\/div>\n\t\t<\/section>\n\t\t\t\t<section class=\"elementor-section elementor-top-section elementor-element elementor-element-4443de6 elementor-section-boxed elementor-section-height-default elementor-section-height-default\" data-id=\"4443de6\" data-element_type=\"section\">\n\t\t\t\t\t\t<div class=\"elementor-container elementor-column-gap-default\">\n\t\t\t\t\t\t\t<div class=\"elementor-row\">\n\t\t\t\t\t<div class=\"elementor-column elementor-col-100 elementor-top-column elementor-element elementor-element-ed87865\" data-id=\"ed87865\" data-element_type=\"column\">\n\t\t\t<div class=\"elementor-column-wrap elementor-element-populated\">\n\t\t\t\t\t\t\t<div class=\"elementor-widget-wrap\">\n\t\t\t\t\t\t<div class=\"elementor-element elementor-element-2535891 elementor-widget elementor-widget-heading\" data-id=\"2535891\" data-element_type=\"widget\" data-widget_type=\"heading.default\">\n\t\t\t\t<div class=\"elementor-widget-container\">\n\t\t\t<h3 class=\"elementor-heading-title elementor-size-default\">Conhe\u00e7a o seu pacote tur\u00edstico<\/h3>\t\t<\/div>\n\t\t\t\t<\/div>\n\t\t\t\t\t\t<\/div>\n\t\t\t\t\t<\/div>\n\t\t<\/div>\n\t\t\t\t\t\t\t\t<\/div>\n\t\t\t\t\t<\/div>\n\t\t<\/section>\n\t\t\t\t<section class=\"elementor-section elementor-top-section elementor-element elementor-element-6aba26b elementor-section-boxed elementor-section-height-default elementor-section-height-default\" data-id=\"6aba26b\" data-element_type=\"section\">\n\t\t\t\t\t\t<div class=\"elementor-container elementor-column-gap-default\">\n\t\t\t\t\t\t\t<div class=\"elementor-row\">\n\t\t\t\t\t<div class=\"elementor-column elementor-col-50 elementor-top-column elementor-element elementor-element-15cd85a\" data-id=\"15cd85a\" data-element_type=\"column\">\n\t\t\t<div class=\"elementor-column-wrap elementor-element-populated\">\n\t\t\t\t\t\t\t<div class=\"elementor-widget-wrap\">\n\t\t\t\t\t\t<div class=\"elementor-element elementor-element-853dfd9 elementor-widget elementor-widget-text-editor\" data-id=\"853dfd9\" data-element_type=\"widget\" data-widget_type=\"text-editor.default\">\n\t\t\t\t<div class=\"elementor-widget-container\">\n\t\t\t\t\t<div class=\"elementor-text-editor elementor-clearfix\"><p><b>PROGRAMA DIA 1:<\/b><\/p><ul><li>Rece\u00e7\u00e3o e Massagem nas <a href=\"http:\/\/termasdocarvalhal.com\/\" target=\"_blank\" rel=\"noopener\">Termas Carvalhal<\/a><\/li><li>Visita Guiada <a style=\"font-family: inherit; font-size: inherit;\" href=\"https:\/\/www.visitcastrodaire.pt\/centro-interpretacao-montemuro-paiva\" target=\"_blank\" rel=\"noopener\">Centro de Interpreta\u00e7\u00e3o e Informa\u00e7\u00e3o do Montemuro e Paiva<\/a><\/li><li><strong style=\"color: inherit; font-family: inherit; font-size: inherit;\">Grande Rota Transum\u00e2ncia<\/strong> <em style=\"color: inherit; font-family: inherit; font-size: inherit;\">(percurso pedestre, sem guia)<\/em><span style=\"color: inherit; font-family: inherit; font-size: inherit;\"> &#8220;Castro Daire &gt; Vilar&#8221; ou &#8220;Vilar &gt; Cruz Ross\u00e3o&#8221; + <\/span><strong style=\"color: inherit; font-family: inherit; font-size: inherit;\">Merenda &#8220;Sabores da Transum\u00e2ncia&#8221;<\/strong><span style=\"color: inherit; font-family: inherit; font-size: inherit;\"> pela <\/span><a href=\"https:\/\/www.facebook.com\/confraria.bolopodre\/\" target=\"_blank\" rel=\"noopener\">Confraria do Bolo Podre<\/a><\/li><li>Estadia na Unidade de Alojamento selecionado<\/li><\/ul><\/div>\n\t\t\t\t<\/div>\n\t\t\t\t<\/div>\n\t\t\t\t\t\t<\/div>\n\t\t\t\t\t<\/div>\n\t\t<\/div>\n\t\t\t\t<div class=\"elementor-column elementor-col-50 elementor-top-column elementor-element elementor-element-0999fce\" data-id=\"0999fce\" data-element_type=\"column\">\n\t\t\t<div class=\"elementor-column-wrap elementor-element-populated\">\n\t\t\t\t\t\t\t<div class=\"elementor-widget-wrap\">\n\t\t\t\t\t\t<div class=\"elementor-element elementor-element-616f680 elementor-widget elementor-widget-text-editor\" data-id=\"616f680\" data-element_type=\"widget\" data-widget_type=\"text-editor.default\">\n\t\t\t\t<div class=\"elementor-widget-container\">\n\t\t\t\t\t<div class=\"elementor-text-editor elementor-clearfix\"><p><strong>PROGRAMA DIA 2:<\/strong><\/p><ul><li>\u00a0<strong>\u201cSer Pastor por um dia\u201d na Serra do Montemuro<\/strong> <em>(viva um experi\u00eancia \u00fanica com os nossos pastores)<\/em><\/li><li><strong style=\"color: inherit; font-family: inherit; font-size: inherit;\">\u201cSabores da Transum\u00e2ncia\u201d &#8211; Almo\u00e7o na Serra do Montemuro<\/strong><span style=\"color: inherit; font-family: inherit; font-size: inherit;\">\u00a0pela <\/span><a style=\"font-family: inherit; font-size: inherit;\" href=\"https:\/\/www.visitcastrodaire.pt\/pacotes-turisticos-parceiros\/\" target=\"_blank\" rel=\"noopener\">Confraria do Bolo Podre e Gastronomia do Montemuro.<\/a><\/li><li><strong>Ponto de Interesse com visita recomendada:<\/strong><br \/>Campo Benfeito \u201cAldeia de Portugal\u201d<\/li><\/ul><\/div>\n\t\t\t\t<\/div>\n\t\t\t\t<\/div>\n\t\t\t\t\t\t<\/div>\n\t\t\t\t\t<\/div>\n\t\t<\/div>\n\t\t\t\t\t\t\t\t<\/div>\n\t\t\t\t\t<\/div>\n\t\t<\/section>\n\t\t\t\t<section class=\"elementor-section elementor-top-section elementor-element elementor-element-f699be7 elementor-section-boxed elementor-section-height-default elementor-section-height-default\" data-id=\"f699be7\" data-element_type=\"section\">\n\t\t\t\t\t\t<div class=\"elementor-container elementor-column-gap-default\">\n\t\t\t\t\t\t\t<div class=\"elementor-row\">\n\t\t\t\t\t<div class=\"elementor-column elementor-col-100 elementor-top-column elementor-element elementor-element-abf8274\" data-id=\"abf8274\" data-element_type=\"column\">\n\t\t\t<div class=\"elementor-column-wrap elementor-element-populated\">\n\t\t\t\t\t\t\t<div class=\"elementor-widget-wrap\">\n\t\t\t\t\t\t<div class=\"elementor-element elementor-element-3a1ac2d elementor-widget elementor-widget-spacer\" data-id=\"3a1ac2d\" data-element_type=\"widget\" data-widget_type=\"spacer.default\">\n\t\t\t\t<div class=\"elementor-widget-container\">\n\t\t\t\t\t<div class=\"elementor-spacer\">\n\t\t\t<div class=\"elementor-spacer-inner\"><\/div>\n\t\t<\/div>\n\t\t\t\t<\/div>\n\t\t\t\t<\/div>\n\t\t\t\t<div class=\"elementor-element elementor-element-d7bdbe8 elementor--h-position-center elementor--v-position-middle elementor-arrows-position-inside elementor-pagination-position-inside elementor-widget elementor-widget-slides\" data-id=\"d7bdbe8\" data-element_type=\"widget\" data-settings=\"{&quot;navigation&quot;:&quot;both&quot;,&quot;autoplay&quot;:&quot;yes&quot;,&quot;pause_on_hover&quot;:&quot;yes&quot;,&quot;pause_on_interaction&quot;:&quot;yes&quot;,&quot;autoplay_speed&quot;:5000,&quot;infinite&quot;:&quot;yes&quot;,&quot;transition&quot;:&quot;slide&quot;,&quot;transition_speed&quot;:500}\" data-widget_type=\"slides.default\">\n\t\t\t\t<div class=\"elementor-widget-container\">\n\t\t\t\t\t<div class=\"elementor-swiper\">\n\t\t\t<div class=\"elementor-slides-wrapper elementor-main-swiper swiper-container\" dir=\"ltr\" data-animation=\"fadeInUp\">\n\t\t\t\t<div class=\"swiper-wrapper elementor-slides\">\n\t\t\t\t\t<div class=\"elementor-repeater-item-63c2823 swiper-slide\"><div class=\"swiper-slide-bg\"><\/div><div class=\"swiper-slide-inner\" ><div class=\"swiper-slide-contents\"><\/div><\/div><\/div><div class=\"elementor-repeater-item-57a183b swiper-slide\"><div class=\"swiper-slide-bg\"><\/div><div class=\"swiper-slide-inner\" ><div class=\"swiper-slide-contents\"><\/div><\/div><\/div><div class=\"elementor-repeater-item-b8a0d97 swiper-slide\"><div class=\"swiper-slide-bg\"><\/div><div class=\"swiper-slide-inner\" ><div class=\"swiper-slide-contents\"><\/div><\/div><\/div><div class=\"elementor-repeater-item-0e1b54b swiper-slide\"><div class=\"swiper-slide-bg\"><\/div><div class=\"swiper-slide-inner\" ><div class=\"swiper-slide-contents\"><div class=\"elementor-slide-description\">Campo Benfeito<\/div><\/div><\/div><\/div><div class=\"elementor-repeater-item-f74ea9b swiper-slide\"><div class=\"swiper-slide-bg\"><\/div><div class=\"swiper-slide-inner\" ><div class=\"swiper-slide-contents\"><div class=\"elementor-slide-description\">Transum\u00e2ncia - Serra Montemuro<\/div><\/div><\/div><\/div><div class=\"elementor-repeater-item-87bbbf0 swiper-slide\"><div class=\"swiper-slide-bg\"><\/div><div class=\"swiper-slide-inner\" ><div class=\"swiper-slide-contents\"><div class=\"elementor-slide-description\">sabores da Transum\u00e2ncia <\/div><\/div><\/div><\/div><div class=\"elementor-repeater-item-033764a swiper-slide\"><div class=\"swiper-slide-bg\"><\/div><div class=\"swiper-slide-inner\" ><div class=\"swiper-slide-contents\"><div class=\"elementor-slide-description\">Mel com Broa<\/div><\/div><\/div><\/div><div class=\"elementor-repeater-item-98989d1 swiper-slide\"><div class=\"swiper-slide-bg\"><\/div><div class=\"swiper-slide-inner\" ><div class=\"swiper-slide-contents\"><div class=\"elementor-slide-description\">Transum\u00e2ncia - Ponte Pedrinha<\/div><\/div><\/div><\/div><div class=\"elementor-repeater-item-3e02f62 swiper-slide\"><div class=\"swiper-slide-bg\"><\/div><div class=\"swiper-slide-inner\" ><div class=\"swiper-slide-contents\"><div class=\"elementor-slide-description\">Bolo Podre<\/div><\/div><\/div><\/div><div class=\"elementor-repeater-item-3df8e94 swiper-slide\"><div class=\"swiper-slide-bg\"><\/div><div class=\"swiper-slide-inner\" ><div class=\"swiper-slide-contents\"><\/div><\/div><\/div><div class=\"elementor-repeater-item-fa13f73 swiper-slide\"><div class=\"swiper-slide-bg\"><\/div><div class=\"swiper-slide-inner\" ><div class=\"swiper-slide-contents\"><\/div><\/div><\/div><div class=\"elementor-repeater-item-59372d7 swiper-slide\"><div class=\"swiper-slide-bg\"><\/div><div class=\"swiper-slide-inner\" ><div class=\"swiper-slide-contents\"><\/div><\/div><\/div><div class=\"elementor-repeater-item-ebc4b50 swiper-slide\"><div class=\"swiper-slide-bg\"><\/div><div class=\"swiper-slide-inner\" ><div class=\"swiper-slide-contents\"><\/div><\/div><\/div><div class=\"elementor-repeater-item-f5c5c29 swiper-slide\"><div class=\"swiper-slide-bg\"><\/div><div class=\"swiper-slide-inner\" ><div class=\"swiper-slide-contents\"><\/div><\/div><\/div><div class=\"elementor-repeater-item-6a19422 swiper-slide\"><div class=\"swiper-slide-bg\"><\/div><div class=\"swiper-slide-inner\" ><div class=\"swiper-slide-contents\"><\/div><\/div><\/div><div class=\"elementor-repeater-item-96150c6 swiper-slide\"><div class=\"swiper-slide-bg\"><\/div><div class=\"swiper-slide-inner\" ><div class=\"swiper-slide-contents\"><\/div><\/div><\/div><div class=\"elementor-repeater-item-f35625f swiper-slide\"><div class=\"swiper-slide-bg\"><\/div><div class=\"swiper-slide-inner\" ><div class=\"swiper-slide-contents\"><\/div><\/div><\/div><div class=\"elementor-repeater-item-97396af swiper-slide\"><div class=\"swiper-slide-bg\"><\/div><div class=\"swiper-slide-inner\" ><div class=\"swiper-slide-contents\"><\/div><\/div><\/div><div class=\"elementor-repeater-item-106f3f3 swiper-slide\"><div class=\"swiper-slide-bg\"><\/div><div class=\"swiper-slide-inner\" ><div class=\"swiper-slide-contents\"><\/div><\/div><\/div><div class=\"elementor-repeater-item-c2f8b8d swiper-slide\"><div class=\"swiper-slide-bg\"><\/div><div class=\"swiper-slide-inner\" ><div class=\"swiper-slide-contents\"><\/div><\/div><\/div><div class=\"elementor-repeater-item-9310c74 swiper-slide\"><div class=\"swiper-slide-bg\"><\/div><div class=\"swiper-slide-inner\" ><div class=\"swiper-slide-contents\"><\/div><\/div><\/div>\t\t\t\t<\/div>\n\t\t\t\t\t\t\t\t\t\t\t\t\t\t\t<div class=\"swiper-pagination\"><\/div>\n\t\t\t\t\t\t\t\t\t\t\t\t\t\t\t\t<div class=\"elementor-swiper-button elementor-swiper-button-prev\">\n\t\t\t\t\t\t\t<i class=\"eicon-chevron-left\" aria-hidden=\"true\"><\/i>\n\t\t\t\t\t\t\t<span class=\"elementor-screen-only\">Previous<\/span>\n\t\t\t\t\t\t<\/div>\n\t\t\t\t\t\t<div class=\"elementor-swiper-button elementor-swiper-button-next\">\n\t\t\t\t\t\t\t<i class=\"eicon-chevron-right\" aria-hidden=\"true\"><\/i>\n\t\t\t\t\t\t\t<span class=\"elementor-screen-only\">Next<\/span>\n\t\t\t\t\t\t<\/div>\n\t\t\t\t\t\t\t\t\t\t\t\t<\/div>\n\t\t<\/div>\n\t\t\t\t<\/div>\n\t\t\t\t<\/div>\n\t\t\t\t<div class=\"elementor-element elementor-element-611c2da elementor-widget elementor-widget-text-editor\" data-id=\"611c2da\" data-element_type=\"widget\" data-widget_type=\"text-editor.default\">\n\t\t\t\t<div class=\"elementor-widget-container\">\n\t\t\t\t\t<div class=\"elementor-text-editor elementor-clearfix\"><h4>\u201cL\u00e1 vem o rebanho! L\u00e1 vem o rebanho!\u201d<br>Com o programa \u201cExperi\u00eancia Transum\u00e2ncia\u201d pode viver momentos inesquec\u00edveis, embarcando numa aventura que tem como ess\u00eancia uma pr\u00e1tica ancestral, trilhando locais de hist\u00f3rias e mem\u00f3rias.<\/h4>\n<p>Ser pastor por um dia \u00e9 uma experi\u00eancia \u00fanica para amantes da natureza, do mundo rural e para quem gosta de conhecer novas culturas e novas gentes.&nbsp;<span style=\"font-size: 1rem;\">Tem a oportunidade de trilhar uma parte do percurso da \u201cA \u00daltima Rota da Transum\u00e2ncia\u201d, um caminho com d\u00e9cadas de hist\u00f3ria para os rebanhos e pastores vindos do sop\u00e9 da Serra da Estrela. Conhe\u00e7a o patrim\u00f3nio hist\u00f3rico, o patrim\u00f3nio natural, uma biodiversidade \u00fanica e capte imagens deslumbrantes que a paisagem lhe oferece.&nbsp;<\/span><span style=\"font-size: 1rem;\">Delicie-se com as iguarias dos \u201cSabores da transum\u00e2ncia\u201d, revivendo momentos que fazem recuar no tempo. Junte a melhor companhia aos sons dos animais no meio do ar puro e das mais belas paisagens da Serra do Montemuro e aproveite o momento. Beneficie de uma massagem facial \u201cRosmaninho\u201d nas Termas do Carvalhal.&nbsp;<\/span><span style=\"font-size: 1rem;\">N\u00e3o espere mais e venha viver uma experi\u00eancia completamente diferenciadora e memor\u00e1vel neste lugar M\u00e1gico&#8230;<\/span><\/p><\/div>\n\t\t\t\t<\/div>\n\t\t\t\t<\/div>\n\t\t\t\t\t\t<\/div>\n\t\t\t\t\t<\/div>\n\t\t<\/div>\n\t\t\t\t\t\t\t\t<\/div>\n\t\t\t\t\t<\/div>\n\t\t<\/section>\n\t\t\t\t\t\t<\/div>\n\t\t\t\t\t\t<\/div>\n\t\t\t\t\t<\/div>\n\t\t","protected":false},"excerpt":{"rendered":"<p><strong>Programa 2 Dias \/ 1 Noite (2 Pessoas)<br \/>\n<\/strong>Ser pastor por um dia \u00e9 uma experi\u00eancia \u00fanica para amantes da natureza, do mundo rural e para quem gosta de conhecer novas culturas e novas gentes.<\/p>\n","protected":false},"featured_media":24385,"template":"","meta":[],"_links":{"self":[{"href":"https:\/\/www.servidormix.com\/montemuroepaiva\/wp-json\/wp\/v2\/product\/21897"}],"collection":[{"href":"https:\/\/www.servidormix.com\/montemuroepaiva\/wp-json\/wp\/v2\/product"}],"about":[{"href":"https:\/\/www.servidormix.com\/montemuroepaiva\/wp-json\/wp\/v2\/types\/product"}],"version-history":[{"count":36,"href":"https:\/\/www.servidormix.com\/montemuroepaiva\/wp-json\/wp\/v2\/product\/21897\/revisions"}],"predecessor-version":[{"id":24864,"href":"https:\/\/www.servidormix.com\/montemuroepaiva\/wp-json\/wp\/v2\/product\/21897\/revisions\/24864"}],"wp:featuredmedia":[{"embeddable":true,"href":"https:\/\/www.servidormix.com\/montemuroepaiva\/wp-json\/wp\/v2\/media\/24385"}],"wp:attachment":[{"href":"https:\/\/www.servidormix.com\/montemuroepaiva\/wp-json\/wp\/v2\/media?parent=21897"}],"curies":[{"name":"wp","href":"https:\/\/api.w.org\/{rel}","templated":true}]}}