{"id":22929,"date":"2020-08-26T15:20:03","date_gmt":"2020-08-26T14:20:03","guid":{"rendered":"https:\/\/www.servidormix.com\/montemuroepaiva\/?post_type=product&#038;p=22929"},"modified":"2021-07-07T16:14:49","modified_gmt":"2021-07-07T15:14:49","slug":"aventura-apaixonante-no-montemuro","status":"publish","type":"product","link":"https:\/\/www.servidormix.com\/montemuroepaiva\/pacotes-turisticos\/aventura-apaixonante-no-montemuro\/","title":{"rendered":"Aventura Apaixonante no Montemuro"},"content":{"rendered":"\t\t<div data-elementor-type=\"product-post\" data-elementor-id=\"22929\" class=\"elementor elementor-22929\" data-elementor-settings=\"[]\">\n\t\t\t\t\t\t<div class=\"elementor-inner\">\n\t\t\t\t\t\t\t<div class=\"elementor-section-wrap\">\n\t\t\t\t\t\t\t<section class=\"elementor-section elementor-top-section elementor-element elementor-element-5b0faa3b elementor-section-boxed elementor-section-height-default elementor-section-height-default\" data-id=\"5b0faa3b\" data-element_type=\"section\" data-settings=\"{&quot;background_background&quot;:&quot;classic&quot;}\">\n\t\t\t\t\t\t<div class=\"elementor-container elementor-column-gap-default\">\n\t\t\t\t\t\t\t<div class=\"elementor-row\">\n\t\t\t\t\t<div class=\"elementor-column elementor-col-100 elementor-top-column elementor-element elementor-element-32a1f43e\" data-id=\"32a1f43e\" data-element_type=\"column\">\n\t\t\t<div class=\"elementor-column-wrap elementor-element-populated\">\n\t\t\t\t\t\t\t<div class=\"elementor-widget-wrap\">\n\t\t\t\t\t\t<div class=\"elementor-element elementor-element-43132262 elementor-widget elementor-widget-text-editor\" data-id=\"43132262\" data-element_type=\"widget\" data-widget_type=\"text-editor.default\">\n\t\t\t\t<div class=\"elementor-widget-container\">\n\t\t\t\t\t<div class=\"elementor-text-editor elementor-clearfix\"><p><strong>01<\/strong> &#8211; Ao realizar a pr\u00e9-reserva \/ valida\u00e7\u00e3o de disponibilidade <span style=\"text-decoration: underline;\">n\u00e3o ter\u00e1 que realizar qualquer pagamento neste momento<\/span>.<\/p>\n<p><strong>02<\/strong> &#8211; A <b>valida\u00e7\u00e3o<\/b>&nbsp;d<strong>e disponibilidade \u00e9 realizada de forma personalizada por um dos nossos assistentes de reservas<\/strong>, que o(a) ir\u00e1 contactar&nbsp;telefonicamente num <strong>prazo de 72 horas<\/strong> a fim de o informar da disponibilidade do alojamento e de todas as experi\u00eancias envolvidas no pacote, nesse momento decidir\u00e1 se pretende efectivar a reserva.<\/p>\n<p><strong>03<\/strong> &#8211; Para qualquer d\u00favida contacte o&nbsp;<span style=\"font-weight: 700;\">+351 933 942 763<\/span>&nbsp;(Whatsapp \/ SMS \/ Telefone) ou <a href=\"mailto:helpdesk@visitcastrodaire.com\" target=\"_blank\" rel=\"noopener\" data-mt-detrack-inspected=\"true\" data-mt-detrack-attachment-inspected=\"true\">helpdesk@visitcastrodaire.com<\/a><\/p><\/div>\n\t\t\t\t<\/div>\n\t\t\t\t<\/div>\n\t\t\t\t\t\t<\/div>\n\t\t\t\t\t<\/div>\n\t\t<\/div>\n\t\t\t\t\t\t\t\t<\/div>\n\t\t\t\t\t<\/div>\n\t\t<\/section>\n\t\t\t\t<section class=\"elementor-section elementor-top-section elementor-element elementor-element-89a4d1a elementor-section-boxed elementor-section-height-default elementor-section-height-default\" data-id=\"89a4d1a\" data-element_type=\"section\">\n\t\t\t\t\t\t<div class=\"elementor-container elementor-column-gap-default\">\n\t\t\t\t\t\t\t<div class=\"elementor-row\">\n\t\t\t\t\t<div class=\"elementor-column elementor-col-100 elementor-top-column elementor-element elementor-element-ba954c3\" data-id=\"ba954c3\" data-element_type=\"column\">\n\t\t\t<div class=\"elementor-column-wrap elementor-element-populated\">\n\t\t\t\t\t\t\t<div class=\"elementor-widget-wrap\">\n\t\t\t\t\t\t<div class=\"elementor-element elementor-element-af28f93 elementor-widget elementor-widget-heading\" data-id=\"af28f93\" data-element_type=\"widget\" data-widget_type=\"heading.default\">\n\t\t\t\t<div class=\"elementor-widget-container\">\n\t\t\t<h3 class=\"elementor-heading-title elementor-size-default\">Conhe\u00e7a o seu pacote tur\u00edstico<\/h3>\t\t<\/div>\n\t\t\t\t<\/div>\n\t\t\t\t\t\t<\/div>\n\t\t\t\t\t<\/div>\n\t\t<\/div>\n\t\t\t\t\t\t\t\t<\/div>\n\t\t\t\t\t<\/div>\n\t\t<\/section>\n\t\t\t\t<section class=\"elementor-section elementor-top-section elementor-element elementor-element-73180b5 elementor-section-boxed elementor-section-height-default elementor-section-height-default\" data-id=\"73180b5\" data-element_type=\"section\">\n\t\t\t\t\t\t<div class=\"elementor-container elementor-column-gap-default\">\n\t\t\t\t\t\t\t<div class=\"elementor-row\">\n\t\t\t\t\t<div class=\"elementor-column elementor-col-50 elementor-top-column elementor-element elementor-element-cd5edb9\" data-id=\"cd5edb9\" data-element_type=\"column\">\n\t\t\t<div class=\"elementor-column-wrap elementor-element-populated\">\n\t\t\t\t\t\t\t<div class=\"elementor-widget-wrap\">\n\t\t\t\t\t\t<div class=\"elementor-element elementor-element-2c93ed2 elementor-widget elementor-widget-text-editor\" data-id=\"2c93ed2\" data-element_type=\"widget\" data-widget_type=\"text-editor.default\">\n\t\t\t\t<div class=\"elementor-widget-container\">\n\t\t\t\t\t<div class=\"elementor-text-editor elementor-clearfix\"><p><b>PROGRAMA DIA 1:<\/b><\/p><ul><li>Rece\u00e7\u00e3o e Massagem nas <a href=\"http:\/\/termasdocarvalhal.com\/\" target=\"_blank\" rel=\"noopener\">Termas Carvalhal<\/a><\/li><li>Visita guiada ao <a title=\"Centro de Interpreta\u00e7\u00e3o e Informa\u00e7\u00e3o Montemuro Paiva\" href=\"https:\/\/www.servidormix.com\/montemuroepaiva\/centro-interpretacao-montemuro-paiva\/\" target=\"_blank\" rel=\"noopener\">Centro de Interpreta\u00e7\u00e3o e Informa\u00e7\u00e3o do Montemuro e Paiva<\/a><\/li><li><strong>PR2 &#8211; Percurso das Minas <\/strong>&#8211; Cabril\u00a0<em>(percurso pedestre, sem guia)<\/em>\u00a0<\/li><li><strong>Degusta\u00e7\u00e3o de Sopas Secas e Filhoses com Mel<\/strong> no\u00a0<strong>Cantinho de Cabril<\/strong>.<\/li><li>Estadia na Unidade de Alojamento selecionada<\/li><\/ul><\/div>\n\t\t\t\t<\/div>\n\t\t\t\t<\/div>\n\t\t\t\t\t\t<\/div>\n\t\t\t\t\t<\/div>\n\t\t<\/div>\n\t\t\t\t<div class=\"elementor-column elementor-col-50 elementor-top-column elementor-element elementor-element-3ad033b\" data-id=\"3ad033b\" data-element_type=\"column\">\n\t\t\t<div class=\"elementor-column-wrap elementor-element-populated\">\n\t\t\t\t\t\t\t<div class=\"elementor-widget-wrap\">\n\t\t\t\t\t\t<div class=\"elementor-element elementor-element-e39e6be elementor-widget elementor-widget-text-editor\" data-id=\"e39e6be\" data-element_type=\"widget\" data-widget_type=\"text-editor.default\">\n\t\t\t\t<div class=\"elementor-widget-container\">\n\t\t\t\t\t<div class=\"elementor-text-editor elementor-clearfix\"><p><strong>PROGRAMA DIA 2:<\/strong><\/p>\n<ul>\n<li>Visita <strong>Portas de Montemuro<\/strong>&nbsp;<em>(<\/em><em>sem guia)<\/em><\/li>\n<li><strong>PR3 &#8211; trilho dos Carvalhos <\/strong>&#8211; Gosende <em>(percurso pedestre, sem guia)<\/em><\/li>\n<li>Vista \u00e0 <b>Esta\u00e7\u00e3o da Biodiversidade <\/b>&#8211; Campo Benfeito <em>(sem guia)<\/em><\/li>\n<li style=\"border-bottom: 0px;\">Visita \u00e0&nbsp;<strong>Cooperativa Capuchinhas&nbsp;<\/strong>(Campo Benfeito)<\/li>\n<li style=\"border-bottom: 0px;\">Visita \u00e0&nbsp;<strong>ERVITAL <\/strong>(Mezio)<\/li>\n<li>Visita \u00e0 <b>Cooperativa de Artes\u00e3os de Montemuro <\/b>(Mezio)<\/li>\n<li style=\"border-bottom: 0px;\"><strong>&nbsp;<\/strong><b style=\"font-family: Helvetica, sans-serif;\">Degusta\u00e7\u00e3o de Bolo Podre e Ch\u00e1 Biol\u00f3gico,&nbsp;<\/b><span style=\"font-family: Helvetica, sans-serif;\">podendo optar por um dos parceiros:<\/span><br style=\"font-family: Helvetica, sans-serif;\"><em style=\"font-family: Helvetica, sans-serif;\">\u2013 Forno da Serra (Castro Daire)<\/em><br style=\"font-family: Helvetica, sans-serif;\"><em style=\"font-family: Helvetica, sans-serif;\">\u2013 Celeiro do P\u00e3o (Castro Daire)<\/em><br style=\"font-family: Helvetica, sans-serif;\"><em style=\"font-family: Helvetica, sans-serif;\">\u2013 Cantinho das \u00c1guas (Termas do Carvalhal)<\/em><br><\/li>\n<\/ul><\/div>\n\t\t\t\t<\/div>\n\t\t\t\t<\/div>\n\t\t\t\t\t\t<\/div>\n\t\t\t\t\t<\/div>\n\t\t<\/div>\n\t\t\t\t\t\t\t\t<\/div>\n\t\t\t\t\t<\/div>\n\t\t<\/section>\n\t\t\t\t<section class=\"elementor-section elementor-top-section elementor-element elementor-element-cebe173 elementor-section-boxed elementor-section-height-default elementor-section-height-default\" data-id=\"cebe173\" data-element_type=\"section\">\n\t\t\t\t\t\t<div class=\"elementor-container elementor-column-gap-default\">\n\t\t\t\t\t\t\t<div class=\"elementor-row\">\n\t\t\t\t\t<div class=\"elementor-column elementor-col-100 elementor-top-column elementor-element elementor-element-e2663c6\" data-id=\"e2663c6\" data-element_type=\"column\">\n\t\t\t<div class=\"elementor-column-wrap elementor-element-populated\">\n\t\t\t\t\t\t\t<div class=\"elementor-widget-wrap\">\n\t\t\t\t\t\t<div class=\"elementor-element elementor-element-2ec1040 elementor-widget elementor-widget-spacer\" data-id=\"2ec1040\" data-element_type=\"widget\" data-widget_type=\"spacer.default\">\n\t\t\t\t<div class=\"elementor-widget-container\">\n\t\t\t\t\t<div class=\"elementor-spacer\">\n\t\t\t<div class=\"elementor-spacer-inner\"><\/div>\n\t\t<\/div>\n\t\t\t\t<\/div>\n\t\t\t\t<\/div>\n\t\t\t\t<div class=\"elementor-element elementor-element-554de93 elementor--h-position-center elementor--v-position-middle elementor-arrows-position-inside elementor-pagination-position-inside elementor-widget elementor-widget-slides\" data-id=\"554de93\" data-element_type=\"widget\" data-settings=\"{&quot;navigation&quot;:&quot;both&quot;,&quot;autoplay&quot;:&quot;yes&quot;,&quot;pause_on_hover&quot;:&quot;yes&quot;,&quot;pause_on_interaction&quot;:&quot;yes&quot;,&quot;autoplay_speed&quot;:5000,&quot;infinite&quot;:&quot;yes&quot;,&quot;transition&quot;:&quot;slide&quot;,&quot;transition_speed&quot;:500}\" data-widget_type=\"slides.default\">\n\t\t\t\t<div class=\"elementor-widget-container\">\n\t\t\t\t\t<div class=\"elementor-swiper\">\n\t\t\t<div class=\"elementor-slides-wrapper elementor-main-swiper swiper-container\" dir=\"ltr\" data-animation=\"fadeInUp\">\n\t\t\t\t<div class=\"swiper-wrapper elementor-slides\">\n\t\t\t\t\t<div class=\"elementor-repeater-item-0e1b54b swiper-slide\"><div class=\"swiper-slide-bg\"><\/div><div class=\"swiper-slide-inner\" ><div class=\"swiper-slide-contents\"><div class=\"elementor-slide-description\">Serra de Montemouro<\/div><\/div><\/div><\/div><div class=\"elementor-repeater-item-63c2823 swiper-slide\"><div class=\"swiper-slide-bg\"><\/div><div class=\"swiper-slide-inner\" ><div class=\"swiper-slide-contents\"><div class=\"elementor-slide-description\">Artesanato<\/div><\/div><\/div><\/div><div class=\"elementor-repeater-item-57a183b swiper-slide\"><div class=\"swiper-slide-bg\"><\/div><div class=\"swiper-slide-inner\" ><div class=\"swiper-slide-contents\"><div class=\"elementor-slide-description\">Biodiversidade<\/div><\/div><\/div><\/div><div class=\"elementor-repeater-item-b8a0d97 swiper-slide\"><div class=\"swiper-slide-bg\"><\/div><div class=\"swiper-slide-inner\" ><div class=\"swiper-slide-contents\"><div class=\"elementor-slide-description\">Serra do Montemuro<\/div><\/div><\/div><\/div><div class=\"elementor-repeater-item-f74ea9b swiper-slide\"><div class=\"swiper-slide-bg\"><\/div><div class=\"swiper-slide-inner\" ><div class=\"swiper-slide-contents\"><div class=\"elementor-slide-description\">CIIMP<\/div><\/div><\/div><\/div><div class=\"elementor-repeater-item-87bbbf0 swiper-slide\"><div class=\"swiper-slide-bg\"><\/div><div class=\"swiper-slide-inner\" ><div class=\"swiper-slide-contents\"><div class=\"elementor-slide-description\">PR2 Percurso das Minas<\/div><\/div><\/div><\/div><div class=\"elementor-repeater-item-98989d1 swiper-slide\"><div class=\"swiper-slide-bg\"><\/div><div class=\"swiper-slide-inner\" ><div class=\"swiper-slide-contents\"><div class=\"elementor-slide-description\">PR2<\/div><\/div><\/div><\/div><div class=\"elementor-repeater-item-3e02f62 swiper-slide\"><div class=\"swiper-slide-bg\"><\/div><div class=\"swiper-slide-inner\" ><div class=\"swiper-slide-contents\"><div class=\"elementor-slide-description\">Biodiversidade<\/div><\/div><\/div><\/div><div class=\"elementor-repeater-item-3df8e94 swiper-slide\"><div class=\"swiper-slide-bg\"><\/div><div class=\"swiper-slide-inner\" ><div class=\"swiper-slide-contents\"><div class=\"elementor-slide-description\">Capuchinhas<\/div><\/div><\/div><\/div><div class=\"elementor-repeater-item-fa13f73 swiper-slide\"><div class=\"swiper-slide-bg\"><\/div><div class=\"swiper-slide-inner\" ><div class=\"swiper-slide-contents\"><div class=\"elementor-slide-description\">Serra de Montemuro<\/div><\/div><\/div><\/div><div class=\"elementor-repeater-item-59372d7 swiper-slide\"><div class=\"swiper-slide-bg\"><\/div><div class=\"swiper-slide-inner\" ><div class=\"swiper-slide-contents\"><div class=\"elementor-slide-description\">Artes\u00e3os do Montemuro<\/div><\/div><\/div><\/div><div class=\"elementor-repeater-item-ebc4b50 swiper-slide\"><div class=\"swiper-slide-bg\"><\/div><div class=\"swiper-slide-inner\" ><div class=\"swiper-slide-contents\"><div class=\"elementor-slide-description\">Sopas Secas<\/div><\/div><\/div><\/div><div class=\"elementor-repeater-item-f5c5c29 swiper-slide\"><div class=\"swiper-slide-bg\"><\/div><div class=\"swiper-slide-inner\" ><div class=\"swiper-slide-contents\"><div class=\"elementor-slide-description\">PR3 Trilho dos Carvalhos<\/div><\/div><\/div><\/div><div class=\"elementor-repeater-item-96150c6 swiper-slide\"><div class=\"swiper-slide-bg\"><\/div><div class=\"swiper-slide-inner\" ><div class=\"swiper-slide-contents\"><div class=\"elementor-slide-description\">Termas<\/div><\/div><\/div><\/div><div class=\"elementor-repeater-item-f35625f swiper-slide\"><div class=\"swiper-slide-bg\"><\/div><div class=\"swiper-slide-inner\" ><div class=\"swiper-slide-contents\"><div class=\"elementor-slide-description\">Bolo Podre<\/div><\/div><\/div><\/div>\t\t\t\t<\/div>\n\t\t\t\t\t\t\t\t\t\t\t\t\t\t\t<div class=\"swiper-pagination\"><\/div>\n\t\t\t\t\t\t\t\t\t\t\t\t\t\t\t\t<div class=\"elementor-swiper-button elementor-swiper-button-prev\">\n\t\t\t\t\t\t\t<i class=\"eicon-chevron-left\" aria-hidden=\"true\"><\/i>\n\t\t\t\t\t\t\t<span class=\"elementor-screen-only\">Previous<\/span>\n\t\t\t\t\t\t<\/div>\n\t\t\t\t\t\t<div class=\"elementor-swiper-button elementor-swiper-button-next\">\n\t\t\t\t\t\t\t<i class=\"eicon-chevron-right\" aria-hidden=\"true\"><\/i>\n\t\t\t\t\t\t\t<span class=\"elementor-screen-only\">Next<\/span>\n\t\t\t\t\t\t<\/div>\n\t\t\t\t\t\t\t\t\t\t\t\t<\/div>\n\t\t<\/div>\n\t\t\t\t<\/div>\n\t\t\t\t<\/div>\n\t\t\t\t\t\t<\/div>\n\t\t\t\t\t<\/div>\n\t\t<\/div>\n\t\t\t\t\t\t\t\t<\/div>\n\t\t\t\t\t<\/div>\n\t\t<\/section>\n\t\t\t\t<section class=\"elementor-section elementor-top-section elementor-element elementor-element-754ad7e elementor-section-boxed elementor-section-height-default elementor-section-height-default\" data-id=\"754ad7e\" data-element_type=\"section\">\n\t\t\t\t\t\t<div class=\"elementor-container elementor-column-gap-default\">\n\t\t\t\t\t\t\t<div class=\"elementor-row\">\n\t\t\t\t\t<div class=\"elementor-column elementor-col-100 elementor-top-column elementor-element elementor-element-c3915c7\" data-id=\"c3915c7\" data-element_type=\"column\">\n\t\t\t<div class=\"elementor-column-wrap elementor-element-populated\">\n\t\t\t\t\t\t\t<div class=\"elementor-widget-wrap\">\n\t\t\t\t\t\t<div class=\"elementor-element elementor-element-5bae177 elementor-widget elementor-widget-heading\" data-id=\"5bae177\" data-element_type=\"widget\" data-widget_type=\"heading.default\">\n\t\t\t\t<div class=\"elementor-widget-container\">\n\t\t\t<h2 class=\"elementor-heading-title elementor-size-default\">AVENTURA APAIXONANTE NO MONTEMURO\u200b<\/h2>\t\t<\/div>\n\t\t\t\t<\/div>\n\t\t\t\t<div class=\"elementor-element elementor-element-6aef77b elementor-widget elementor-widget-text-editor\" data-id=\"6aef77b\" data-element_type=\"widget\" data-widget_type=\"text-editor.default\">\n\t\t\t\t<div class=\"elementor-widget-container\">\n\t\t\t\t\t<div class=\"elementor-text-editor elementor-clearfix\"><h4>DESFRUTE DA NATUREZA EM PLENA SERRA DO MONTEMURO, CONTEMPLE UM ESPL\u00caNDIDO PATRIM\u00d3NIO NATURAL E PAISAG\u00cdSTICO COM VALES DE ENCANTAR, ONDE A BIODIVERSIDADE \u00c9 PRESERVADA E CONSERVADA, ONDE SE AVISTAM PENEDOS PECULIARES QUE CONTAM MEM\u00d3RIAS E LENDAS.<\/h4><p>Visite locais arqueol\u00f3gicos que comprovam a ocupa\u00e7\u00e3o ancestral deste territ\u00f3rio. Inspire ar puro, desfrute da tranquilidade dos lugares, percorra os percursos pedestres admirando as paisagens que s\u00e3o de cortar a respira\u00e7\u00e3o, preenchendo a alma e deixe-se apaixonar!\u00a0<span style=\"font-size: 1rem;\">Experimente outras atividades que este local tem para oferecer, como o walking &amp; cycling e o birdwatching e guarde na sua mem\u00f3ria momentos inesquec\u00edveis que o v\u00e3o fazer querer voltar. Aproveite para conhecer aldeias \u00fanicas, locais genu\u00ednos, com saberes transmitidos de gera\u00e7\u00e3o em gera\u00e7\u00e3o, a identidade de um povo, a sua cultura e tradi\u00e7\u00f5es, onde o artesanato se destaca pela sua excel\u00eancia. <\/span><span style=\"font-size: 1rem;\">Desfrute do sabor pleno da harmonia proporcionado pela combina\u00e7\u00e3o do inigual\u00e1vel Bolo Podre acompanhado com ch\u00e1 biol\u00f3gico produzido na serra. Encontre uma gastronomia \u00fanica que proporciona sensa\u00e7\u00f5es e emo\u00e7\u00f5es. Beneficie de momentos relaxantes nas Termas do Carvalhal, com uma massagem \u201cMagia da Montanha\u201d! \u00c9 imposs\u00edvel n\u00e3o se apaixonar&#8230;<\/span><\/p><\/div>\n\t\t\t\t<\/div>\n\t\t\t\t<\/div>\n\t\t\t\t\t\t<\/div>\n\t\t\t\t\t<\/div>\n\t\t<\/div>\n\t\t\t\t\t\t\t\t<\/div>\n\t\t\t\t\t<\/div>\n\t\t<\/section>\n\t\t\t\t<section class=\"elementor-section elementor-top-section elementor-element elementor-element-1f59d3a elementor-section-boxed elementor-section-height-default elementor-section-height-default\" data-id=\"1f59d3a\" data-element_type=\"section\">\n\t\t\t\t\t\t<div class=\"elementor-container elementor-column-gap-default\">\n\t\t\t\t\t\t\t<div class=\"elementor-row\">\n\t\t\t\t\t<div class=\"elementor-column elementor-col-100 elementor-top-column elementor-element elementor-element-1e96d5b\" data-id=\"1e96d5b\" data-element_type=\"column\">\n\t\t\t<div class=\"elementor-column-wrap\">\n\t\t\t\t\t\t\t<div class=\"elementor-widget-wrap\">\n\t\t\t\t\t\t\t\t<\/div>\n\t\t\t\t\t<\/div>\n\t\t<\/div>\n\t\t\t\t\t\t\t\t<\/div>\n\t\t\t\t\t<\/div>\n\t\t<\/section>\n\t\t\t\t\t\t<\/div>\n\t\t\t\t\t\t<\/div>\n\t\t\t\t\t<\/div>\n\t\t","protected":false},"excerpt":{"rendered":"<p><strong>Programa 2 Dias \/ 1 Noite (2 Pessoas)<br \/>\n<\/strong>Visite locais arqueol\u00f3gicos que comprovam a ocupa\u00e7\u00e3o ancestral deste territ\u00f3rio. Inspire ar puro, desfrute da tranquilidade dos lugares.<\/p>\n","protected":false},"featured_media":21826,"template":"","meta":[],"_links":{"self":[{"href":"https:\/\/www.servidormix.com\/montemuroepaiva\/wp-json\/wp\/v2\/product\/22929"}],"collection":[{"href":"https:\/\/www.servidormix.com\/montemuroepaiva\/wp-json\/wp\/v2\/product"}],"about":[{"href":"https:\/\/www.servidormix.com\/montemuroepaiva\/wp-json\/wp\/v2\/types\/product"}],"version-history":[{"count":18,"href":"https:\/\/www.servidormix.com\/montemuroepaiva\/wp-json\/wp\/v2\/product\/22929\/revisions"}],"predecessor-version":[{"id":24869,"href":"https:\/\/www.servidormix.com\/montemuroepaiva\/wp-json\/wp\/v2\/product\/22929\/revisions\/24869"}],"wp:featuredmedia":[{"embeddable":true,"href":"https:\/\/www.servidormix.com\/montemuroepaiva\/wp-json\/wp\/v2\/media\/21826"}],"wp:attachment":[{"href":"https:\/\/www.servidormix.com\/montemuroepaiva\/wp-json\/wp\/v2\/media?parent=22929"}],"curies":[{"name":"wp","href":"https:\/\/api.w.org\/{rel}","templated":true}]}}