{"id":23014,"date":"2020-08-26T16:39:08","date_gmt":"2020-08-26T15:39:08","guid":{"rendered":"https:\/\/www.servidormix.com\/montemuroepaiva\/?post_type=product&#038;p=23014"},"modified":"2021-02-22T13:27:20","modified_gmt":"2021-02-22T13:27:20","slug":"viver-o-paiva","status":"publish","type":"product","link":"https:\/\/www.servidormix.com\/montemuroepaiva\/pacotes-turisticos\/viver-o-paiva\/","title":{"rendered":"Viver o Paiva"},"content":{"rendered":"\t\t<div data-elementor-type=\"product-post\" data-elementor-id=\"23014\" class=\"elementor elementor-23014\" data-elementor-settings=\"[]\">\n\t\t\t\t\t\t<div class=\"elementor-inner\">\n\t\t\t\t\t\t\t<div class=\"elementor-section-wrap\">\n\t\t\t\t\t\t\t<section class=\"elementor-section elementor-top-section elementor-element elementor-element-36b2b9d2 elementor-section-boxed elementor-section-height-default elementor-section-height-default\" data-id=\"36b2b9d2\" data-element_type=\"section\" data-settings=\"{&quot;background_background&quot;:&quot;classic&quot;}\">\n\t\t\t\t\t\t<div class=\"elementor-container elementor-column-gap-default\">\n\t\t\t\t\t\t\t<div class=\"elementor-row\">\n\t\t\t\t\t<div class=\"elementor-column elementor-col-100 elementor-top-column elementor-element elementor-element-61f4d4dc\" data-id=\"61f4d4dc\" data-element_type=\"column\">\n\t\t\t<div class=\"elementor-column-wrap elementor-element-populated\">\n\t\t\t\t\t\t\t<div class=\"elementor-widget-wrap\">\n\t\t\t\t\t\t<div class=\"elementor-element elementor-element-63ee3449 elementor-widget elementor-widget-text-editor\" data-id=\"63ee3449\" data-element_type=\"widget\" data-widget_type=\"text-editor.default\">\n\t\t\t\t<div class=\"elementor-widget-container\">\n\t\t\t\t\t<div class=\"elementor-text-editor elementor-clearfix\"><p><strong>01<\/strong> &#8211; Ao realizar a pr\u00e9-reserva \/ valida\u00e7\u00e3o de disponibilidade <span style=\"text-decoration: underline;\">n\u00e3o ter\u00e1 que realizar qualquer pagamento neste momento<\/span>.<\/p>\n<p><strong>02<\/strong> &#8211; A <b>valida\u00e7\u00e3o<\/b>&nbsp;d<strong>e disponibilidade \u00e9 realizada de forma personalizada por um dos nossos assistentes de reservas<\/strong>, que o(a) ir\u00e1 contactar&nbsp;telefonicamente num <strong>prazo de 72 horas<\/strong> a fim de o informar da disponibilidade do alojamento e de todas as experi\u00eancias envolvidas no pacote, nesse momento decidir\u00e1 se pretende efectivar a reserva.<\/p>\n<p><strong>03<\/strong> &#8211; Para qualquer d\u00favida contacte o&nbsp;<b>+351 933 942 763<\/b>&nbsp;(Whatsapp \/ SMS \/ Telefone) ou <a href=\"mailto:helpdesk@visitcastrodaire.com\" target=\"_blank\" rel=\"noopener\" data-mt-detrack-inspected=\"true\" data-mt-detrack-attachment-inspected=\"true\">helpdesk@visitcastrodaire.com<\/a><\/p><\/div>\n\t\t\t\t<\/div>\n\t\t\t\t<\/div>\n\t\t\t\t\t\t<\/div>\n\t\t\t\t\t<\/div>\n\t\t<\/div>\n\t\t\t\t\t\t\t\t<\/div>\n\t\t\t\t\t<\/div>\n\t\t<\/section>\n\t\t\t\t<section class=\"elementor-section elementor-top-section elementor-element elementor-element-89a4d1a elementor-section-boxed elementor-section-height-default elementor-section-height-default\" data-id=\"89a4d1a\" data-element_type=\"section\">\n\t\t\t\t\t\t<div class=\"elementor-container elementor-column-gap-default\">\n\t\t\t\t\t\t\t<div class=\"elementor-row\">\n\t\t\t\t\t<div class=\"elementor-column elementor-col-100 elementor-top-column elementor-element elementor-element-ba954c3\" data-id=\"ba954c3\" data-element_type=\"column\">\n\t\t\t<div class=\"elementor-column-wrap elementor-element-populated\">\n\t\t\t\t\t\t\t<div class=\"elementor-widget-wrap\">\n\t\t\t\t\t\t<div class=\"elementor-element elementor-element-af28f93 elementor-widget elementor-widget-heading\" data-id=\"af28f93\" data-element_type=\"widget\" data-widget_type=\"heading.default\">\n\t\t\t\t<div class=\"elementor-widget-container\">\n\t\t\t<h3 class=\"elementor-heading-title elementor-size-default\">Conhe\u00e7a o seu pacote tur\u00edstico<\/h3>\t\t<\/div>\n\t\t\t\t<\/div>\n\t\t\t\t\t\t<\/div>\n\t\t\t\t\t<\/div>\n\t\t<\/div>\n\t\t\t\t\t\t\t\t<\/div>\n\t\t\t\t\t<\/div>\n\t\t<\/section>\n\t\t\t\t<section class=\"elementor-section elementor-top-section elementor-element elementor-element-73180b5 elementor-section-boxed elementor-section-height-default elementor-section-height-default\" data-id=\"73180b5\" data-element_type=\"section\">\n\t\t\t\t\t\t<div class=\"elementor-container elementor-column-gap-default\">\n\t\t\t\t\t\t\t<div class=\"elementor-row\">\n\t\t\t\t\t<div class=\"elementor-column elementor-col-50 elementor-top-column elementor-element elementor-element-cd5edb9\" data-id=\"cd5edb9\" data-element_type=\"column\">\n\t\t\t<div class=\"elementor-column-wrap elementor-element-populated\">\n\t\t\t\t\t\t\t<div class=\"elementor-widget-wrap\">\n\t\t\t\t\t\t<div class=\"elementor-element elementor-element-2c93ed2 elementor-widget elementor-widget-text-editor\" data-id=\"2c93ed2\" data-element_type=\"widget\" data-widget_type=\"text-editor.default\">\n\t\t\t\t<div class=\"elementor-widget-container\">\n\t\t\t\t\t<div class=\"elementor-text-editor elementor-clearfix\"><p><b>PROGRAMA DIA 1:<\/b><\/p>\n<ul>\n<li>Rece\u00e7\u00e3o e Massagem nas <a href=\"http:\/\/termasdocarvalhal.com\/\" target=\"_blank\" rel=\"noopener\">Termas Carvalhal<\/a><\/li>\n<li>Visita guiada ao <a title=\"Centro de Interpreta\u00e7\u00e3o e Informa\u00e7\u00e3o Montemuro Paiva\" href=\"https:\/\/www.servidormix.com\/montemuroepaiva\/centro-interpretacao-montemuro-paiva\/\" target=\"_blank\" rel=\"noopener\">Centro de Interpreta\u00e7\u00e3o e Informa\u00e7\u00e3o do Montemuro e Paiva<\/a><\/li>\n<li><strong>PR7 \u2013 Percurso das Levadas <\/strong>&#8211; Granja&nbsp;<em>(percurso pedestre, sem guia)<\/em><\/li>\n<li><b>Degusta\u00e7\u00e3o de Cucas e Trutas Doces <\/b>ou<b> Bolo Podre com Ch\u00e1 Biol\u00f3gico<\/b> &#8211;<b>&nbsp;<em style=\"font-weight: 400;\">Forno da Serra (Castro Daire)<br><\/em><span style=\"text-decoration: underline;\">ou<\/span><br>Degusta\u00e7\u00e3o de Bolo Podre e Ch\u00e1 Biol\u00f3gico,&nbsp;<\/b>podendo optar por um dos parceiros:<br><em>\u2013 Forno da Serra (Castro Daire)<\/em><br><em>\u2013 Celeiro do P\u00e3o (Castro Daire)<\/em><br><em>\u2013 Cantinho das \u00c1guas (Termas do Carvalhal)<\/em><br><\/li>\n<li>Estadia na Unidade de Alojamento selecionada<\/li>\n<\/ul><\/div>\n\t\t\t\t<\/div>\n\t\t\t\t<\/div>\n\t\t\t\t\t\t<\/div>\n\t\t\t\t\t<\/div>\n\t\t<\/div>\n\t\t\t\t<div class=\"elementor-column elementor-col-50 elementor-top-column elementor-element elementor-element-3ad033b\" data-id=\"3ad033b\" data-element_type=\"column\">\n\t\t\t<div class=\"elementor-column-wrap elementor-element-populated\">\n\t\t\t\t\t\t\t<div class=\"elementor-widget-wrap\">\n\t\t\t\t\t\t<div class=\"elementor-element elementor-element-e39e6be elementor-widget elementor-widget-text-editor\" data-id=\"e39e6be\" data-element_type=\"widget\" data-widget_type=\"text-editor.default\">\n\t\t\t\t<div class=\"elementor-widget-container\">\n\t\t\t\t\t<div class=\"elementor-text-editor elementor-clearfix\"><p><strong>PROGRAMA DIA 2:<\/strong><\/p><ul><li><strong>PR5 \u2013 Trilho do Paiva <\/strong>&#8211; Reriz\u00a0<em>(percurso pedestre, sem guia)<\/em><\/li><li><b>Pontos de Interesse Recomendados para Visita Livre:<\/b><em><b><br \/><\/b><\/em>&#8211; Praia Fluvial da Folgosa<br \/>&#8211; Po\u00e7o do Abade (Reriz)<br \/>&#8211; Ru\u00ednas da Ponte de Caba\u00e7os<br \/>&#8211; Foz Cabril<\/li><\/ul><\/div>\n\t\t\t\t<\/div>\n\t\t\t\t<\/div>\n\t\t\t\t\t\t<\/div>\n\t\t\t\t\t<\/div>\n\t\t<\/div>\n\t\t\t\t\t\t\t\t<\/div>\n\t\t\t\t\t<\/div>\n\t\t<\/section>\n\t\t\t\t<section class=\"elementor-section elementor-top-section elementor-element elementor-element-8536060 elementor-section-boxed elementor-section-height-default elementor-section-height-default\" data-id=\"8536060\" data-element_type=\"section\">\n\t\t\t\t\t\t<div class=\"elementor-container elementor-column-gap-default\">\n\t\t\t\t\t\t\t<div class=\"elementor-row\">\n\t\t\t\t\t<div class=\"elementor-column elementor-col-100 elementor-top-column elementor-element elementor-element-4f28bd7\" data-id=\"4f28bd7\" data-element_type=\"column\">\n\t\t\t<div class=\"elementor-column-wrap elementor-element-populated\">\n\t\t\t\t\t\t\t<div class=\"elementor-widget-wrap\">\n\t\t\t\t\t\t<div class=\"elementor-element elementor-element-71ff477 elementor-widget elementor-widget-spacer\" data-id=\"71ff477\" data-element_type=\"widget\" data-widget_type=\"spacer.default\">\n\t\t\t\t<div class=\"elementor-widget-container\">\n\t\t\t\t\t<div class=\"elementor-spacer\">\n\t\t\t<div class=\"elementor-spacer-inner\"><\/div>\n\t\t<\/div>\n\t\t\t\t<\/div>\n\t\t\t\t<\/div>\n\t\t\t\t<div class=\"elementor-element elementor-element-709b549 elementor--h-position-center elementor--v-position-middle elementor-arrows-position-inside elementor-pagination-position-inside elementor-widget elementor-widget-slides\" data-id=\"709b549\" data-element_type=\"widget\" data-settings=\"{&quot;navigation&quot;:&quot;both&quot;,&quot;autoplay&quot;:&quot;yes&quot;,&quot;pause_on_hover&quot;:&quot;yes&quot;,&quot;pause_on_interaction&quot;:&quot;yes&quot;,&quot;autoplay_speed&quot;:5000,&quot;infinite&quot;:&quot;yes&quot;,&quot;transition&quot;:&quot;slide&quot;,&quot;transition_speed&quot;:500}\" data-widget_type=\"slides.default\">\n\t\t\t\t<div class=\"elementor-widget-container\">\n\t\t\t\t\t<div class=\"elementor-swiper\">\n\t\t\t<div class=\"elementor-slides-wrapper elementor-main-swiper swiper-container\" dir=\"ltr\" data-animation=\"fadeInUp\">\n\t\t\t\t<div class=\"swiper-wrapper elementor-slides\">\n\t\t\t\t\t<div class=\"elementor-repeater-item-0e1b54b swiper-slide\"><div class=\"swiper-slide-bg\"><\/div><div class=\"swiper-slide-inner\" ><div class=\"swiper-slide-contents\"><div class=\"elementor-slide-description\">Poldras em Folgosa<\/div><\/div><\/div><\/div><div class=\"elementor-repeater-item-63c2823 swiper-slide\"><div class=\"swiper-slide-bg\"><\/div><div class=\"swiper-slide-inner\" ><div class=\"swiper-slide-contents\"><div class=\"elementor-slide-description\">Rio Paiva - Foz do Cabril<\/div><\/div><\/div><\/div><div class=\"elementor-repeater-item-57a183b swiper-slide\"><div class=\"swiper-slide-bg\"><\/div><div class=\"swiper-slide-inner\" ><div class=\"swiper-slide-contents\"><div class=\"elementor-slide-description\">Rio Paiva - Foz do Cabril<\/div><\/div><\/div><\/div><div class=\"elementor-repeater-item-b8a0d97 swiper-slide\"><div class=\"swiper-slide-bg\"><\/div><div class=\"swiper-slide-inner\" ><div class=\"swiper-slide-contents\"><div class=\"elementor-slide-description\">Trutas Doces<\/div><\/div><\/div><\/div><div class=\"elementor-repeater-item-f74ea9b swiper-slide\"><div class=\"swiper-slide-bg\"><\/div><div class=\"swiper-slide-inner\" ><div class=\"swiper-slide-contents\"><div class=\"elementor-slide-description\">Rio Paiva<\/div><\/div><\/div><\/div><div class=\"elementor-repeater-item-87bbbf0 swiper-slide\"><div class=\"swiper-slide-bg\"><\/div><div class=\"swiper-slide-inner\" ><div class=\"swiper-slide-contents\"><div class=\"elementor-slide-description\">Bolo Podre<\/div><\/div><\/div><\/div><div class=\"elementor-repeater-item-033764a swiper-slide\"><div class=\"swiper-slide-bg\"><\/div><div class=\"swiper-slide-inner\" ><div class=\"swiper-slide-contents\"><div class=\"elementor-slide-description\">Termas do carvalhal<\/div><\/div><\/div><\/div><div class=\"elementor-repeater-item-41ab690 swiper-slide\"><div class=\"swiper-slide-bg\"><\/div><div class=\"swiper-slide-inner\" ><div class=\"swiper-slide-contents\"><div class=\"elementor-slide-description\">Sala Rio Paiva<\/div><\/div><\/div><\/div><div class=\"elementor-repeater-item-98989d1 swiper-slide\"><div class=\"swiper-slide-bg\"><\/div><div class=\"swiper-slide-inner\" ><div class=\"swiper-slide-contents\"><div class=\"elementor-slide-description\">Rio Paiva - Granja<\/div><\/div><\/div><\/div><div class=\"elementor-repeater-item-3e02f62 swiper-slide\"><div class=\"swiper-slide-bg\"><\/div><div class=\"swiper-slide-inner\" ><div class=\"swiper-slide-contents\"><div class=\"elementor-slide-description\">Rio Paiva - Folgosa<\/div><\/div><\/div><\/div><div class=\"elementor-repeater-item-3df8e94 swiper-slide\"><div class=\"swiper-slide-bg\"><\/div><div class=\"swiper-slide-inner\" ><div class=\"swiper-slide-contents\"><div class=\"elementor-slide-description\">Rio Piava - Folgosa<\/div><\/div><\/div><\/div><div class=\"elementor-repeater-item-fa13f73 swiper-slide\"><div class=\"swiper-slide-bg\"><\/div><div class=\"swiper-slide-inner\" ><div class=\"swiper-slide-contents\"><div class=\"elementor-slide-description\">PR7 - Trilho das Levadas<\/div><\/div><\/div><\/div><div class=\"elementor-repeater-item-59372d7 swiper-slide\"><div class=\"swiper-slide-bg\"><\/div><div class=\"swiper-slide-inner\" ><div class=\"swiper-slide-contents\"><div class=\"elementor-slide-description\">Ponte do Brasileiro<\/div><\/div><\/div><\/div><div class=\"elementor-repeater-item-ebc4b50 swiper-slide\"><div class=\"swiper-slide-bg\"><\/div><div class=\"swiper-slide-inner\" ><div class=\"swiper-slide-contents\"><div class=\"elementor-slide-description\">Ponte de Caba\u00e7os<\/div><\/div><\/div><\/div><div class=\"elementor-repeater-item-f5c5c29 swiper-slide\"><div class=\"swiper-slide-bg\"><\/div><div class=\"swiper-slide-inner\" ><div class=\"swiper-slide-contents\"><div class=\"elementor-slide-description\">Meandro - Rio Paiva<\/div><\/div><\/div><\/div><div class=\"elementor-repeater-item-96150c6 swiper-slide\"><div class=\"swiper-slide-bg\"><\/div><div class=\"swiper-slide-inner\" ><div class=\"swiper-slide-contents\"><div class=\"elementor-slide-description\">Foz - Cabril<\/div><\/div><\/div><\/div><div class=\"elementor-repeater-item-f35625f swiper-slide\"><div class=\"swiper-slide-bg\"><\/div><div class=\"swiper-slide-inner\" ><div class=\"swiper-slide-contents\"><div class=\"elementor-slide-description\">CIIMP<\/div><\/div><\/div><\/div>\t\t\t\t<\/div>\n\t\t\t\t\t\t\t\t\t\t\t\t\t\t\t<div class=\"swiper-pagination\"><\/div>\n\t\t\t\t\t\t\t\t\t\t\t\t\t\t\t\t<div class=\"elementor-swiper-button elementor-swiper-button-prev\">\n\t\t\t\t\t\t\t<i class=\"eicon-chevron-left\" aria-hidden=\"true\"><\/i>\n\t\t\t\t\t\t\t<span class=\"elementor-screen-only\">Previous<\/span>\n\t\t\t\t\t\t<\/div>\n\t\t\t\t\t\t<div class=\"elementor-swiper-button elementor-swiper-button-next\">\n\t\t\t\t\t\t\t<i class=\"eicon-chevron-right\" aria-hidden=\"true\"><\/i>\n\t\t\t\t\t\t\t<span class=\"elementor-screen-only\">Next<\/span>\n\t\t\t\t\t\t<\/div>\n\t\t\t\t\t\t\t\t\t\t\t\t<\/div>\n\t\t<\/div>\n\t\t\t\t<\/div>\n\t\t\t\t<\/div>\n\t\t\t\t<div class=\"elementor-element elementor-element-68d9ae4 elementor-widget elementor-widget-heading\" data-id=\"68d9ae4\" data-element_type=\"widget\" data-widget_type=\"heading.default\">\n\t\t\t\t<div class=\"elementor-widget-container\">\n\t\t\t<h2 class=\"elementor-heading-title elementor-size-default\">VIVER O PAIVA<\/h2>\t\t<\/div>\n\t\t\t\t<\/div>\n\t\t\t\t<div class=\"elementor-element elementor-element-54e6880 elementor-widget elementor-widget-text-editor\" data-id=\"54e6880\" data-element_type=\"widget\" data-widget_type=\"text-editor.default\">\n\t\t\t\t<div class=\"elementor-widget-container\">\n\t\t\t\t\t<div class=\"elementor-text-editor elementor-clearfix\"><h4>Vivencie atividades em plena natureza, onde as cores e as paisagens deslumbrantes ao longo do Rio Paiva transformam este territ\u00f3rio num local privilegiado.<br>Encontre um lugar no qual a atividade humana e a natureza est\u00e3o harmoniosamente integradas, preservando valores e tradi\u00e7\u00f5es.<\/h4>\n<p>Percorra os percursos nas margens deste importante recurso de encanto natural, refresque-se nas \u00e1guas cristalinas e descubra os tesouros aqui guardados, onde figura uma biodiversidade \u00edmpar.&nbsp;<span style=\"font-size: 1rem;\">Surpreenda-se com imagens absolutamente maravilhosas, desfrutando de momentos de lazer que proporcionam sensa\u00e7\u00f5es e tranquilidade.&nbsp;<\/span><span style=\"font-size: 1rem;\">Conhe\u00e7a todo o patrim\u00f3nio existente, sempre com a natureza como companhia. Desfrute dos sabores de iguarias \u00fanicas que s\u00f3 em Castro Daire pode encontrar. Beneficie de momentos relaxantes nas Termas do Carvalhal, com uma massagem \u201cRefrescante\u201d e leve consigo a vontade de voltar&#8230;<\/span><\/p><\/div>\n\t\t\t\t<\/div>\n\t\t\t\t<\/div>\n\t\t\t\t\t\t<\/div>\n\t\t\t\t\t<\/div>\n\t\t<\/div>\n\t\t\t\t\t\t\t\t<\/div>\n\t\t\t\t\t<\/div>\n\t\t<\/section>\n\t\t\t\t\t\t<\/div>\n\t\t\t\t\t\t<\/div>\n\t\t\t\t\t<\/div>\n\t\t","protected":false},"excerpt":{"rendered":"<p><strong>Programa 2 Dias \/ 1 Noite (2 Pessoas)<br \/>\n<\/strong>Conhe\u00e7a todo o patrim\u00f3nio existente, sempre com a natureza como companhia.<\/p>\n","protected":false},"featured_media":21273,"template":"","meta":[],"_links":{"self":[{"href":"https:\/\/www.servidormix.com\/montemuroepaiva\/wp-json\/wp\/v2\/product\/23014"}],"collection":[{"href":"https:\/\/www.servidormix.com\/montemuroepaiva\/wp-json\/wp\/v2\/product"}],"about":[{"href":"https:\/\/www.servidormix.com\/montemuroepaiva\/wp-json\/wp\/v2\/types\/product"}],"version-history":[{"count":15,"href":"https:\/\/www.servidormix.com\/montemuroepaiva\/wp-json\/wp\/v2\/product\/23014\/revisions"}],"predecessor-version":[{"id":24356,"href":"https:\/\/www.servidormix.com\/montemuroepaiva\/wp-json\/wp\/v2\/product\/23014\/revisions\/24356"}],"wp:featuredmedia":[{"embeddable":true,"href":"https:\/\/www.servidormix.com\/montemuroepaiva\/wp-json\/wp\/v2\/media\/21273"}],"wp:attachment":[{"href":"https:\/\/www.servidormix.com\/montemuroepaiva\/wp-json\/wp\/v2\/media?parent=23014"}],"curies":[{"name":"wp","href":"https:\/\/api.w.org\/{rel}","templated":true}]}}